{"id":1384,"date":"2025-11-12T10:05:49","date_gmt":"2025-11-12T09:05:49","guid":{"rendered":"https:\/\/www.construccionsfont.com\/quienes-somos\/"},"modified":"2026-04-16T13:27:07","modified_gmt":"2026-04-16T11:27:07","slug":"quienes-somos","status":"publish","type":"page","link":"https:\/\/www.construccionsfont.com\/es\/quienes-somos\/","title":{"rendered":"\u00bfQui\u00e9nes somos?"},"content":{"rendered":"\t\t<div data-elementor-type=\"wp-page\" data-elementor-id=\"1384\" class=\"elementor elementor-1384 elementor-331\" data-elementor-post-type=\"page\">\n\t\t\t\t<div class=\"elementor-element elementor-element-808f81e e-flex e-con-boxed e-con e-parent\" data-id=\"808f81e\" data-element_type=\"container\" data-e-type=\"container\" data-settings=\"{&quot;background_background&quot;:&quot;classic&quot;}\">\n\t\t\t\t\t<div class=\"e-con-inner\">\n\t\t\t\t<div class=\"elementor-element elementor-element-e9b2e8e elementor-widget__width-initial elementor-widget elementor-widget-heading\" data-id=\"e9b2e8e\" data-element_type=\"widget\" data-e-type=\"widget\" data-widget_type=\"heading.default\">\n\t\t\t\t\t<h1 class=\"elementor-heading-title elementor-size-default\">\u00bfQui\u00e9nes somos?<\/h1>\t\t\t\t<\/div>\n\t\t\t\t\t<\/div>\n\t\t\t\t<\/div>\n\t\t<div class=\"elementor-element elementor-element-dae1f5a e-flex e-con-boxed e-con e-parent\" data-id=\"dae1f5a\" data-element_type=\"container\" data-e-type=\"container\">\n\t\t\t\t\t<div class=\"e-con-inner\">\n\t\t<div class=\"elementor-element elementor-element-dce957e e-con-full e-flex e-con e-child\" data-id=\"dce957e\" data-element_type=\"container\" data-e-type=\"container\">\n\t\t\t\t<\/div>\n\t\t<div class=\"elementor-element elementor-element-45dcfc8 e-con-full e-flex e-con e-child\" data-id=\"45dcfc8\" data-element_type=\"container\" data-e-type=\"container\">\n\t\t\t\t<div class=\"elementor-element elementor-element-5fb7817 elementor-widget elementor-widget-heading\" data-id=\"5fb7817\" data-element_type=\"widget\" data-e-type=\"widget\" data-widget_type=\"heading.default\">\n\t\t\t\t\t<h2 class=\"elementor-heading-title elementor-size-default\">Su constructora de confianza<\/h2>\t\t\t\t<\/div>\n\t\t\t\t<div class=\"elementor-element elementor-element-c23b5b9 elementor-widget elementor-widget-text-editor\" data-id=\"c23b5b9\" data-element_type=\"widget\" data-e-type=\"widget\" data-widget_type=\"text-editor.default\">\n\t\t\t\t\t\t\t\t\t<p>Construccions Font es una empresa constructora que desarrolla con \u00e9xito una amplia gama de servicios, entre otros, reformas integrales, reforma de ba\u00f1os, reforma de cocinas, rehabilitaci\u00f3n de terrazas, rehabilitaci\u00f3n de fachadas, piscinas de dise\u00f1o, jardines, construcci\u00f3n de obra nueva. <\/p><p>Cuidamos todos los detalles como si cada uno fuera decisivo, demostrando pasi\u00f3n por el proyecto, desde que lo visualizamos hasta que lo ejecutamos.<\/p><div id=\"gtx-trans\" style=\"position: absolute; left: 348px; top: 193.516px;\"><div class=\"gtx-trans-icon\"> <\/div><\/div>\t\t\t\t\t\t\t\t<\/div>\n\t\t\t\t<\/div>\n\t\t<div class=\"elementor-element elementor-element-400e83b e-con-full e-flex e-con e-child\" data-id=\"400e83b\" data-element_type=\"container\" data-e-type=\"container\">\n\t\t\t\t<\/div>\n\t\t\t\t\t<\/div>\n\t\t\t\t<\/div>\n\t\t<div class=\"elementor-element elementor-element-8e511ad e-con-full e-flex e-con e-parent\" data-id=\"8e511ad\" data-element_type=\"container\" data-e-type=\"container\">\n\t\t<div class=\"elementor-element elementor-element-3bece63 e-con-full e-flex e-con e-child\" data-id=\"3bece63\" data-element_type=\"container\" data-e-type=\"container\" data-settings=\"{&quot;background_background&quot;:&quot;classic&quot;}\">\n\t\t<div class=\"elementor-element elementor-element-37b3854 e-con-full e-flex e-con e-child\" data-id=\"37b3854\" data-element_type=\"container\" data-e-type=\"container\">\n\t\t\t\t<div class=\"elementor-element elementor-element-016d8b1 elementor-widget elementor-widget-heading\" data-id=\"016d8b1\" data-element_type=\"widget\" data-e-type=\"widget\" data-widget_type=\"heading.default\">\n\t\t\t\t\t<h3 class=\"elementor-heading-title elementor-size-default\">Equipo de profesionales<\/h3>\t\t\t\t<\/div>\n\t\t\t\t<div class=\"elementor-element elementor-element-6d8f538 elementor-widget elementor-widget-text-editor\" data-id=\"6d8f538\" data-element_type=\"widget\" data-e-type=\"widget\" data-widget_type=\"text-editor.default\">\n\t\t\t\t\t\t\t\t\t<p>Nuestro equipo de profesionales comparte el entusiasmo y nuestros valores. En nuestra empresa constructora, disponen de las herramientas para realizar cada tarea con la m\u00e1xima eficacia. Definimos objetivos y estrategias desde el consenso y la experiencia, trabajando en unidad con el cliente, para rentabilizar su inversi\u00f3n.  <\/p>\t\t\t\t\t\t\t\t<\/div>\n\t\t\t\t<\/div>\n\t\t\t\t<\/div>\n\t\t<div class=\"elementor-element elementor-element-b565780 e-con-full e-flex e-con e-child\" data-id=\"b565780\" data-element_type=\"container\" data-e-type=\"container\">\n\t\t\t\t<div class=\"elementor-element elementor-element-d2d16cd elementor-widget elementor-widget-image\" data-id=\"d2d16cd\" data-element_type=\"widget\" data-e-type=\"widget\" data-widget_type=\"image.default\">\n\t\t\t\t\t\t\t\t\t\t\t\t\t\t\t<img fetchpriority=\"high\" decoding=\"async\" width=\"1024\" height=\"684\" src=\"https:\/\/www.construccionsfont.com\/wp-content\/uploads\/2025\/11\/1fe8250e6b651eac07ce3b071b72c45f667cf506-1024x684.jpg\" class=\"attachment-large size-large wp-image-1389\" alt=\"Construccions Font\" srcset=\"https:\/\/www.construccionsfont.com\/wp-content\/uploads\/2025\/11\/1fe8250e6b651eac07ce3b071b72c45f667cf506-1024x684.jpg 1024w, https:\/\/www.construccionsfont.com\/wp-content\/uploads\/2025\/11\/1fe8250e6b651eac07ce3b071b72c45f667cf506-300x200.jpg 300w, https:\/\/www.construccionsfont.com\/wp-content\/uploads\/2025\/11\/1fe8250e6b651eac07ce3b071b72c45f667cf506-768x513.jpg 768w, https:\/\/www.construccionsfont.com\/wp-content\/uploads\/2025\/11\/1fe8250e6b651eac07ce3b071b72c45f667cf506-1536x1025.jpg 1536w, https:\/\/www.construccionsfont.com\/wp-content\/uploads\/2025\/11\/1fe8250e6b651eac07ce3b071b72c45f667cf506-2048x1367.jpg 2048w\" sizes=\"(max-width: 1024px) 100vw, 1024px\" \/>\t\t\t\t\t\t\t\t\t\t\t\t\t\t\t<\/div>\n\t\t\t\t<\/div>\n\t\t\t\t<\/div>\n\t\t<div class=\"elementor-element elementor-element-e0823a5 e-flex e-con-boxed e-con e-parent\" data-id=\"e0823a5\" data-element_type=\"container\" data-e-type=\"container\" data-settings=\"{&quot;background_background&quot;:&quot;classic&quot;}\">\n\t\t\t\t\t<div class=\"e-con-inner\">\n\t\t<div class=\"elementor-element elementor-element-1d5abc4 e-con-full e-flex e-con e-child\" data-id=\"1d5abc4\" data-element_type=\"container\" data-e-type=\"container\">\n\t\t\t\t<\/div>\n\t\t<div class=\"elementor-element elementor-element-a0aa58b e-con-full e-flex e-con e-child\" data-id=\"a0aa58b\" data-element_type=\"container\" data-e-type=\"container\">\n\t\t<div class=\"elementor-element elementor-element-93ef0e7 e-con-full e-flex e-con e-child\" data-id=\"93ef0e7\" data-element_type=\"container\" data-e-type=\"container\">\n\t\t\t\t<div class=\"elementor-element elementor-element-00dcabd elementor-widget elementor-widget-heading\" data-id=\"00dcabd\" data-element_type=\"widget\" data-e-type=\"widget\" data-widget_type=\"heading.default\">\n\t\t\t\t\t<h2 class=\"elementor-heading-title elementor-size-default\">Trabajamos con esfuerzo y dedicaci\u00f3n<\/h2>\t\t\t\t<\/div>\n\t\t\t\t<div class=\"elementor-element elementor-element-847295b elementor-widget elementor-widget-text-editor\" data-id=\"847295b\" data-element_type=\"widget\" data-e-type=\"widget\" data-widget_type=\"text-editor.default\">\n\t\t\t\t\t\t\t\t\t<p><strong>Nuestro lema, <\/strong>el trabajo bien hecho<\/p><p><strong>Nuestro objetivo, l<\/strong>a satisfacci\u00f3n de nuestros clientes<\/p>\t\t\t\t\t\t\t\t<\/div>\n\t\t\t\t<\/div>\n\t\t\t\t<\/div>\n\t\t\t\t\t<\/div>\n\t\t\t\t<\/div>\n\t\t<div class=\"elementor-element elementor-element-04c0f2d e-flex e-con-boxed e-con e-parent\" data-id=\"04c0f2d\" data-element_type=\"container\" data-e-type=\"container\">\n\t\t\t\t\t<div class=\"e-con-inner\">\n\t\t<div class=\"elementor-element elementor-element-321e3a8 e-con-full e-flex e-con e-child\" data-id=\"321e3a8\" data-element_type=\"container\" data-e-type=\"container\">\n\t\t\t\t<\/div>\n\t\t<div class=\"elementor-element elementor-element-5b6304d e-con-full e-flex e-con e-child\" data-id=\"5b6304d\" data-element_type=\"container\" data-e-type=\"container\">\n\t\t\t\t<div class=\"elementor-element elementor-element-67dd9a1 elementor-widget elementor-widget-heading\" data-id=\"67dd9a1\" data-element_type=\"widget\" data-e-type=\"widget\" data-widget_type=\"heading.default\">\n\t\t\t\t\t<h4 class=\"elementor-heading-title elementor-size-default\">UNA BASE S\u00d3LIDA<\/h4>\t\t\t\t<\/div>\n\t\t\t\t<div class=\"elementor-element elementor-element-e38623c elementor-widget elementor-widget-heading\" data-id=\"e38623c\" data-element_type=\"widget\" data-e-type=\"widget\" data-widget_type=\"heading.default\">\n\t\t\t\t\t<h2 class=\"elementor-heading-title elementor-size-default\">Nuestros valores<\/h2>\t\t\t\t<\/div>\n\t\t\t\t<div class=\"elementor-element elementor-element-48e5d4e elementor-widget elementor-widget-text-editor\" data-id=\"48e5d4e\" data-element_type=\"widget\" data-e-type=\"widget\" data-widget_type=\"text-editor.default\">\n\t\t\t\t\t\t\t\t\t<p>Los valores que nos definen como constructora son el trabajo bien hecho, cuidando cada detalle y la pulcritud en la labor. Nos gusta nuestro trabajo y eso se ve reflejado en \u00e9l.  <br>Nos avalan m\u00e1s de 30 a\u00f1os de experiencia; durante estos a\u00f1os hemos estado trabajando en cada proyecto con gran dedicaci\u00f3n y pasi\u00f3n, obteniendo un resultado \u00f3ptimo, tanto para el cliente como para la empresa, logrando as\u00ed un cliente satisfecho. <\/p><p>Trabajamos para poder ofrecer un servicio de reformas que deje al cliente satisfecho, no solo por la calidad de la reforma, sino por el trato cercano y amable que ofrecemos.<\/p>\t\t\t\t\t\t\t\t<\/div>\n\t\t\t\t<\/div>\n\t\t<div class=\"elementor-element elementor-element-e4caf99 e-con-full e-flex e-con e-child\" data-id=\"e4caf99\" data-element_type=\"container\" data-e-type=\"container\">\n\t\t\t\t<\/div>\n\t\t\t\t\t<\/div>\n\t\t\t\t<\/div>\n\t\t<div class=\"elementor-element elementor-element-b6470a7 e-flex e-con-boxed e-con e-parent\" data-id=\"b6470a7\" data-element_type=\"container\" data-e-type=\"container\" data-settings=\"{&quot;background_background&quot;:&quot;classic&quot;}\">\n\t\t\t\t\t<div class=\"e-con-inner\">\n\t\t<div class=\"elementor-element elementor-element-e0c564a e-con-full e-flex e-con e-child\" data-id=\"e0c564a\" data-element_type=\"container\" data-e-type=\"container\">\n\t\t<div class=\"elementor-element elementor-element-ce7b56d e-con-full e-flex e-con e-child\" data-id=\"ce7b56d\" data-element_type=\"container\" data-e-type=\"container\">\n\t\t\t\t<div class=\"elementor-element elementor-element-7a4f459 elementor-position-inline-start elementor-view-default elementor-mobile-position-block-start elementor-widget elementor-widget-icon-box\" data-id=\"7a4f459\" data-element_type=\"widget\" data-e-type=\"widget\" data-widget_type=\"icon-box.default\">\n\t\t\t\t\t\t\t<div class=\"elementor-icon-box-wrapper\">\n\n\t\t\t\t\t\t<div class=\"elementor-icon-box-icon\">\n\t\t\t\t<span  class=\"elementor-icon\">\n\t\t\t\t<svg xmlns=\"http:\/\/www.w3.org\/2000\/svg\" width=\"36\" height=\"40\" viewBox=\"0 0 36 40\" fill=\"none\"><path d=\"M5.16667 31.4167L1 29.125V23.9167M1 15.5831V10.3748M1 10.3748L5.16667 8.08313M1 10.3748L5.16667 12.6667M13.5 3.29167L17.6667 1L21.8333 3.29167M30.1667 8.08313L34.3333 10.3748M34.3333 10.3748V15.5831M34.3333 10.3748L30.1667 12.6667M34.3333 23.9167V29.125L30.1667 31.4583M21.8333 36.2081L17.6667 38.4998M17.6667 38.4998L13.5 36.2081M17.6667 38.4998V33.2917M17.6667 19.7498L21.8333 17.4581M17.6667 19.7498V24.9583M17.6667 19.7498L13.5 17.4164\" stroke=\"white\" stroke-width=\"2\" stroke-linecap=\"round\" stroke-linejoin=\"round\"><\/path><\/svg>\t\t\t\t<\/span>\n\t\t\t<\/div>\n\t\t\t\n\t\t\t\t\t\t<div class=\"elementor-icon-box-content\">\n\n\t\t\t\t\t\t\t\t\t<h3 class=\"elementor-icon-box-title\">\n\t\t\t\t\t\t<span  >\n\t\t\t\t\t\t\tElegimos los mejores materiales\t\t\t\t\t\t<\/span>\n\t\t\t\t\t<\/h3>\n\t\t\t\t\n\t\t\t\t\t\t\t\t\t<p class=\"elementor-icon-box-description\">\n\t\t\t\t\t\tNuestra experiencia con los materiales para la construcci\u00f3n y la reforma nos permite ofrecer siempre buenas soluciones que se adaptan a cada proyecto. \t\t\t\t\t<\/p>\n\t\t\t\t\n\t\t\t<\/div>\n\t\t\t\n\t\t<\/div>\n\t\t\t\t\t\t<\/div>\n\t\t\t\t<\/div>\n\t\t\t\t<\/div>\n\t\t<div class=\"elementor-element elementor-element-805d95a e-con-full e-flex e-con e-child\" data-id=\"805d95a\" data-element_type=\"container\" data-e-type=\"container\">\n\t\t<div class=\"elementor-element elementor-element-7b7940d e-con-full e-flex e-con e-child\" data-id=\"7b7940d\" data-element_type=\"container\" data-e-type=\"container\">\n\t\t\t\t<div class=\"elementor-element elementor-element-5b4aec9 elementor-position-inline-start elementor-view-default elementor-mobile-position-block-start elementor-widget elementor-widget-icon-box\" data-id=\"5b4aec9\" data-element_type=\"widget\" data-e-type=\"widget\" data-widget_type=\"icon-box.default\">\n\t\t\t\t\t\t\t<div class=\"elementor-icon-box-wrapper\">\n\n\t\t\t\t\t\t<div class=\"elementor-icon-box-icon\">\n\t\t\t\t<span  class=\"elementor-icon\">\n\t\t\t\t<svg xmlns=\"http:\/\/www.w3.org\/2000\/svg\" width=\"27\" height=\"40\" viewBox=\"0 0 27 40\" fill=\"none\"><path d=\"M1 38.5V34.3333C1 32.1232 1.87797 30.0036 3.44078 28.4408C5.00358 26.878 7.1232 26 9.33333 26H17.6667C19.8768 26 21.9964 26.878 23.5592 28.4408C25.122 30.0036 26 32.1232 26 34.3333V38.5M5.16667 9.33333C5.16667 11.5435 6.04464 13.6631 7.60744 15.2259C9.17025 16.7887 11.2899 17.6667 13.5 17.6667C15.7101 17.6667 17.8298 16.7887 19.3926 15.2259C20.9554 13.6631 21.8333 11.5435 21.8333 9.33333C21.8333 7.1232 20.9554 5.00358 19.3926 3.44078C17.8298 1.87797 15.7101 1 13.5 1C11.2899 1 9.17025 1.87797 7.60744 3.44078C6.04464 5.00358 5.16667 7.1232 5.16667 9.33333Z\" stroke=\"white\" stroke-width=\"2\" stroke-linecap=\"round\" stroke-linejoin=\"round\"><\/path><\/svg>\t\t\t\t<\/span>\n\t\t\t<\/div>\n\t\t\t\n\t\t\t\t\t\t<div class=\"elementor-icon-box-content\">\n\n\t\t\t\t\t\t\t\t\t<h3 class=\"elementor-icon-box-title\">\n\t\t\t\t\t\t<span  >\n\t\t\t\t\t\t\tClientes satisfechos\t\t\t\t\t\t<\/span>\n\t\t\t\t\t<\/h3>\n\t\t\t\t\n\t\t\t\t\t\t\t\t\t<p class=\"elementor-icon-box-description\">\n\t\t\t\t\t\tConseguir clientes satisfechos en nuestros proyectos es nuestra prioridad. Les ofrecemos asesoramiento e informaci\u00f3n gratuita sin compromiso, por eso trabajamos con responsabilidad y compromiso, implic\u00e1ndonos al m\u00e1ximo con el proyecto para obtener resultados \u00f3ptimos de manera que se puedan cumplir los deseos de nuestros clientes. \t\t\t\t\t<\/p>\n\t\t\t\t\n\t\t\t<\/div>\n\t\t\t\n\t\t<\/div>\n\t\t\t\t\t\t<\/div>\n\t\t\t\t<\/div>\n\t\t\t\t<\/div>\n\t\t\t\t\t<\/div>\n\t\t\t\t<\/div>\n\t\t\t\t<\/div>\n\t\t","protected":false},"excerpt":{"rendered":"<p>Su constructora de confianza Construccions Font es una empresa constructora que desarrolla con \u00e9xito una amplia gama de servicios, entre otros, reformas integrales, reforma de ba\u00f1os, reforma de cocinas, rehabilitaci\u00f3n de terrazas, rehabilitaci\u00f3n de fachadas, piscinas de dise\u00f1o, jardines, construcci\u00f3n de obra nueva. Cuidamos todos los detalles como si cada uno fuera decisivo, demostrando pasi\u00f3n [&hellip;]<\/p>\n","protected":false},"author":1,"featured_media":0,"parent":0,"menu_order":0,"comment_status":"closed","ping_status":"closed","template":"","meta":{"_acf_changed":false,"_seopress_robots_primary_cat":"","_seopress_titles_title":"","_seopress_titles_desc":"","_seopress_robots_index":"","site-sidebar-layout":"no-sidebar","site-content-layout":"","ast-site-content-layout":"full-width-container","site-content-style":"default","site-sidebar-style":"default","ast-global-header-display":"","ast-banner-title-visibility":"","ast-main-header-display":"","ast-hfb-above-header-display":"","ast-hfb-below-header-display":"","ast-hfb-mobile-header-display":"","site-post-title":"disabled","ast-breadcrumbs-content":"","ast-featured-img":"disabled","footer-sml-layout":"","ast-disable-related-posts":"","theme-transparent-header-meta":"default","adv-header-id-meta":"","stick-header-meta":"","header-above-stick-meta":"","header-main-stick-meta":"","header-below-stick-meta":"","astra-migrate-meta-layouts":"default","ast-page-background-enabled":"default","ast-page-background-meta":{"desktop":{"background-color":"var(--ast-global-color-5)","background-image":"","background-repeat":"repeat","background-position":"center center","background-size":"auto","background-attachment":"scroll","background-type":"","background-media":"","overlay-type":"","overlay-color":"","overlay-opacity":"","overlay-gradient":""},"tablet":{"background-color":"","background-image":"","background-repeat":"repeat","background-position":"center center","background-size":"auto","background-attachment":"scroll","background-type":"","background-media":"","overlay-type":"","overlay-color":"","overlay-opacity":"","overlay-gradient":""},"mobile":{"background-color":"","background-image":"","background-repeat":"repeat","background-position":"center center","background-size":"auto","background-attachment":"scroll","background-type":"","background-media":"","overlay-type":"","overlay-color":"","overlay-opacity":"","overlay-gradient":""}},"ast-content-background-meta":{"desktop":{"background-color":"var(--ast-global-color-4)","background-image":"","background-repeat":"repeat","background-position":"center center","background-size":"auto","background-attachment":"scroll","background-type":"","background-media":"","overlay-type":"","overlay-color":"","overlay-opacity":"","overlay-gradient":""},"tablet":{"background-color":"var(--ast-global-color-4)","background-image":"","background-repeat":"repeat","background-position":"center center","background-size":"auto","background-attachment":"scroll","background-type":"","background-media":"","overlay-type":"","overlay-color":"","overlay-opacity":"","overlay-gradient":""},"mobile":{"background-color":"var(--ast-global-color-4)","background-image":"","background-repeat":"repeat","background-position":"center center","background-size":"auto","background-attachment":"scroll","background-type":"","background-media":"","overlay-type":"","overlay-color":"","overlay-opacity":"","overlay-gradient":""}},"footnotes":""},"class_list":["post-1384","page","type-page","status-publish","hentry"],"acf":[],"_links":{"self":[{"href":"https:\/\/www.construccionsfont.com\/es\/wp-json\/wp\/v2\/pages\/1384","targetHints":{"allow":["GET"]}}],"collection":[{"href":"https:\/\/www.construccionsfont.com\/es\/wp-json\/wp\/v2\/pages"}],"about":[{"href":"https:\/\/www.construccionsfont.com\/es\/wp-json\/wp\/v2\/types\/page"}],"author":[{"embeddable":true,"href":"https:\/\/www.construccionsfont.com\/es\/wp-json\/wp\/v2\/users\/1"}],"replies":[{"embeddable":true,"href":"https:\/\/www.construccionsfont.com\/es\/wp-json\/wp\/v2\/comments?post=1384"}],"version-history":[{"count":0,"href":"https:\/\/www.construccionsfont.com\/es\/wp-json\/wp\/v2\/pages\/1384\/revisions"}],"wp:attachment":[{"href":"https:\/\/www.construccionsfont.com\/es\/wp-json\/wp\/v2\/media?parent=1384"}],"curies":[{"name":"wp","href":"https:\/\/api.w.org\/{rel}","templated":true}]}}