{"id":1423,"date":"2025-12-12T12:37:09","date_gmt":"2025-12-12T11:37:09","guid":{"rendered":"https:\/\/www.construccionsfont.com\/font-espai-creatiu\/"},"modified":"2026-04-16T13:28:10","modified_gmt":"2026-04-16T11:28:10","slug":"font-espai-creatiu","status":"publish","type":"page","link":"https:\/\/www.construccionsfont.com\/es\/font-espai-creatiu\/","title":{"rendered":"Font Espai Creatiu"},"content":{"rendered":"\t\t<div data-elementor-type=\"wp-page\" data-elementor-id=\"1423\" class=\"elementor elementor-1423 elementor-776\" data-elementor-post-type=\"page\">\n\t\t\t\t<div class=\"elementor-element elementor-element-d1d5e3b e-flex e-con-boxed e-con e-parent\" data-id=\"d1d5e3b\" data-element_type=\"container\" data-e-type=\"container\" data-settings=\"{&quot;background_background&quot;:&quot;classic&quot;,&quot;background_motion_fx_motion_fx_scrolling&quot;:&quot;yes&quot;,&quot;background_motion_fx_translateY_effect&quot;:&quot;yes&quot;,&quot;background_motion_fx_translateY_speed&quot;:{&quot;unit&quot;:&quot;px&quot;,&quot;size&quot;:4,&quot;sizes&quot;:[]},&quot;background_motion_fx_translateY_affectedRange&quot;:{&quot;unit&quot;:&quot;%&quot;,&quot;size&quot;:&quot;&quot;,&quot;sizes&quot;:{&quot;start&quot;:0,&quot;end&quot;:100}},&quot;background_motion_fx_devices&quot;:[&quot;desktop&quot;,&quot;tablet&quot;,&quot;mobile&quot;]}\">\n\t\t\t\t\t<div class=\"e-con-inner\">\n\t\t<div class=\"elementor-element elementor-element-0a187d6 e-con-full e-flex e-con e-child\" data-id=\"0a187d6\" data-element_type=\"container\" data-e-type=\"container\">\n\t\t\t\t<div class=\"elementor-element elementor-element-4e2ed12 elementor-widget elementor-widget-heading\" data-id=\"4e2ed12\" data-element_type=\"widget\" data-e-type=\"widget\" data-widget_type=\"heading.default\">\n\t\t\t\t\t<h1 class=\"elementor-heading-title elementor-size-default\">Creamos interiores que cuentan historias<\/h1>\t\t\t\t<\/div>\n\t\t\t\t<div class=\"elementor-element elementor-element-1abbef8 elementor-widget elementor-widget-text-editor\" data-id=\"1abbef8\" data-element_type=\"widget\" data-e-type=\"widget\" data-widget_type=\"text-editor.default\">\n\t\t\t\t\t\t\t\t\t<p>Dise\u00f1amos espacios con alma, cuidando cada detalle para que su espacio hable de usted.<\/p>\t\t\t\t\t\t\t\t<\/div>\n\t\t\t\t<\/div>\n\t\t<div class=\"elementor-element elementor-element-bf5ec3f e-con-full e-flex e-con e-child\" data-id=\"bf5ec3f\" data-element_type=\"container\" data-e-type=\"container\">\n\t\t\t\t<div class=\"elementor-element elementor-element-0a5fb51 elementor-widget elementor-widget-image\" data-id=\"0a5fb51\" data-element_type=\"widget\" data-e-type=\"widget\" data-widget_type=\"image.default\">\n\t\t\t\t\t\t\t\t\t\t\t\t\t\t\t<img decoding=\"async\" width=\"183\" height=\"75\" src=\"https:\/\/www.construccionsfont.com\/wp-content\/uploads\/2025\/12\/logo-font.png\" class=\"attachment-large size-large wp-image-1404\" alt=\"Font Espai Creatiu\" srcset=\"https:\/\/www.construccionsfont.com\/wp-content\/uploads\/2025\/12\/logo-font.png 183w, https:\/\/www.construccionsfont.com\/wp-content\/uploads\/2025\/12\/logo-font-18x7.png 18w\" sizes=\"(max-width: 183px) 100vw, 183px\" \/>\t\t\t\t\t\t\t\t\t\t\t\t\t\t\t<\/div>\n\t\t\t\t<\/div>\n\t\t\t\t\t<\/div>\n\t\t\t\t<\/div>\n\t\t<div class=\"elementor-element elementor-element-1de01d3 e-flex e-con-boxed e-con e-parent\" data-id=\"1de01d3\" data-element_type=\"container\" data-e-type=\"container\">\n\t\t\t\t\t<div class=\"e-con-inner\">\n\t\t<div class=\"elementor-element elementor-element-ba80cf0 e-con-full e-flex e-con e-child\" data-id=\"ba80cf0\" data-element_type=\"container\" data-e-type=\"container\">\n\t\t\t\t<div class=\"elementor-element elementor-element-4edf159 elementor-widget elementor-widget-heading\" data-id=\"4edf159\" data-element_type=\"widget\" data-e-type=\"widget\" data-widget_type=\"heading.default\">\n\t\t\t\t\t<h2 class=\"elementor-heading-title elementor-size-default\"><b>Font Espai Creatiu<\/b> es nuestra tienda y showroom ubicado en Manresa<\/h2>\t\t\t\t<\/div>\n\t\t\t\t<\/div>\n\t\t\t\t\t<\/div>\n\t\t\t\t<\/div>\n\t\t<div class=\"elementor-element elementor-element-98ba8d9 e-flex e-con-boxed e-con e-parent\" data-id=\"98ba8d9\" data-element_type=\"container\" data-e-type=\"container\">\n\t\t\t\t\t<div class=\"e-con-inner\">\n\t\t<div class=\"elementor-element elementor-element-3085cce e-con-full e-flex e-con e-child\" data-id=\"3085cce\" data-element_type=\"container\" data-e-type=\"container\">\n\t\t<div class=\"elementor-element elementor-element-61565cc e-con-full e-flex e-con e-child\" data-id=\"61565cc\" data-element_type=\"container\" data-e-type=\"container\">\n\t\t\t\t<div class=\"elementor-element elementor-element-10fb402 elementor-widget elementor-widget-heading\" data-id=\"10fb402\" data-element_type=\"widget\" data-e-type=\"widget\" data-widget_type=\"heading.default\">\n\t\t\t\t\t<h2 class=\"elementor-heading-title elementor-size-default\">Interiorismo personalizado para cada proyecto<\/h2>\t\t\t\t<\/div>\n\t\t\t\t<div class=\"elementor-element elementor-element-7c78b91 elementor-widget elementor-widget-text-editor\" data-id=\"7c78b91\" data-element_type=\"widget\" data-e-type=\"widget\" data-widget_type=\"text-editor.default\">\n\t\t\t\t\t\t\t\t\t<p data-start=\"881\" data-end=\"1048\">Cada proyecto es \u00fanico. Por eso, en Font Espai Creatiu trabajamos desde la <strong data-start=\"954\" data-end=\"972\">escucha activa<\/strong> y el acompa\u00f1amiento constante, ayud\u00e1ndole a transformar ideas en espacios reales. <\/p><ul data-start=\"1050\" data-end=\"1271\"><li data-start=\"1050\" data-end=\"1132\"><p data-start=\"1052\" data-end=\"1132\">Dise\u00f1o de interiores para viviendas, locales comerciales y espacios profesionales<\/p><\/li><li data-start=\"1133\" data-end=\"1196\"><p data-start=\"1135\" data-end=\"1196\">Asesoramiento en distribuci\u00f3n, materiales, acabados y texturas<\/p><\/li><li data-start=\"1197\" data-end=\"1271\"><p data-start=\"1199\" data-end=\"1271\">Propuestas coherentes, atemporales y alineadas con las \u00faltimas tendencias<\/p><\/li><\/ul><p data-start=\"1273\" data-end=\"1362\">Creemos que el <strong data-start=\"1287\" data-end=\"1317\">buen dise\u00f1o no es una moda<\/strong>, sino una manera de vivir mejor los espacios.<\/p>\t\t\t\t\t\t\t\t<\/div>\n\t\t\t\t<\/div>\n\t\t\t\t<\/div>\n\t\t<div class=\"elementor-element elementor-element-b124463 e-con-full e-flex e-con e-child\" data-id=\"b124463\" data-element_type=\"container\" data-e-type=\"container\">\n\t\t\t\t<div class=\"elementor-element elementor-element-b56aa49 elementor-widget elementor-widget-image\" data-id=\"b56aa49\" data-element_type=\"widget\" data-e-type=\"widget\" data-widget_type=\"image.default\">\n\t\t\t\t\t\t\t\t\t\t\t\t\t\t\t<img alt=\"\" fetchpriority=\"high\" decoding=\"async\" width=\"1024\" height=\"683\" src=\"https:\/\/www.construccionsfont.com\/wp-content\/uploads\/2025\/12\/espai-font-1.jpg\" class=\"attachment-large size-large wp-image-1424\" alt=\"\" srcset=\"https:\/\/www.construccionsfont.com\/wp-content\/uploads\/2025\/12\/espai-font-1.jpg 1024w, https:\/\/www.construccionsfont.com\/wp-content\/uploads\/2025\/12\/espai-font-1-300x200.jpg 300w, https:\/\/www.construccionsfont.com\/wp-content\/uploads\/2025\/12\/espai-font-1-768x512.jpg 768w, https:\/\/www.construccionsfont.com\/wp-content\/uploads\/2025\/12\/espai-font-1-18x12.jpg 18w\" sizes=\"(max-width: 1024px) 100vw, 1024px\" \/>\t\t\t\t\t\t\t\t\t\t\t\t\t\t\t<\/div>\n\t\t\t\t<\/div>\n\t\t\t\t\t<\/div>\n\t\t\t\t<\/div>\n\t\t<div class=\"elementor-element elementor-element-20db8bc e-flex e-con-boxed e-con e-parent\" data-id=\"20db8bc\" data-element_type=\"container\" data-e-type=\"container\" data-settings=\"{&quot;background_background&quot;:&quot;classic&quot;}\">\n\t\t\t\t\t<div class=\"e-con-inner\">\n\t\t<div class=\"elementor-element elementor-element-e51c3e8 e-con-full e-flex e-con e-child\" data-id=\"e51c3e8\" data-element_type=\"container\" data-e-type=\"container\">\n\t\t\t\t<div class=\"elementor-element elementor-element-3378882 elementor-widget elementor-widget-image\" data-id=\"3378882\" data-element_type=\"widget\" data-e-type=\"widget\" data-widget_type=\"image.default\">\n\t\t\t\t\t\t\t\t\t\t\t\t\t\t\t<img alt=\"\" decoding=\"async\" width=\"1024\" height=\"683\" src=\"https:\/\/www.construccionsfont.com\/wp-content\/uploads\/2025\/12\/espai-font-2.jpg\" class=\"attachment-large size-large wp-image-1425\" alt=\"\" srcset=\"https:\/\/www.construccionsfont.com\/wp-content\/uploads\/2025\/12\/espai-font-2.jpg 1024w, https:\/\/www.construccionsfont.com\/wp-content\/uploads\/2025\/12\/espai-font-2-300x200.jpg 300w, https:\/\/www.construccionsfont.com\/wp-content\/uploads\/2025\/12\/espai-font-2-768x512.jpg 768w, https:\/\/www.construccionsfont.com\/wp-content\/uploads\/2025\/12\/espai-font-2-18x12.jpg 18w\" sizes=\"(max-width: 1024px) 100vw, 1024px\" \/>\t\t\t\t\t\t\t\t\t\t\t\t\t\t\t<\/div>\n\t\t\t\t<\/div>\n\t\t<div class=\"elementor-element elementor-element-b9b9310 e-con-full e-flex e-con e-child\" data-id=\"b9b9310\" data-element_type=\"container\" data-e-type=\"container\">\n\t\t<div class=\"elementor-element elementor-element-69d3b3e e-con-full e-flex e-con e-child\" data-id=\"69d3b3e\" data-element_type=\"container\" data-e-type=\"container\">\n\t\t\t\t<div class=\"elementor-element elementor-element-64ca176 elementor-widget elementor-widget-heading\" data-id=\"64ca176\" data-element_type=\"widget\" data-e-type=\"widget\" data-widget_type=\"heading.default\">\n\t\t\t\t\t<h2 class=\"elementor-heading-title elementor-size-default\">Materiales, texturas y detalles que definen espacios<\/h2>\t\t\t\t<\/div>\n\t\t\t\t<div class=\"elementor-element elementor-element-c2721f9 elementor-widget elementor-widget-text-editor\" data-id=\"c2721f9\" data-element_type=\"widget\" data-e-type=\"widget\" data-widget_type=\"text-editor.default\">\n\t\t\t\t\t\t\t\t\t<p data-start=\"1425\" data-end=\"1617\">El dise\u00f1o de interiores se construye a partir de las sensaciones. En Font Espai Creatiu seleccionamos con cuidado <strong data-start=\"1532\" data-end=\"1563\">materiales, colores y acabados<\/strong> que aportan personalidad e identidad a cada proyecto. <\/p><ul data-start=\"1619\" data-end=\"1766\"><li data-start=\"1619\" data-end=\"1665\"><p data-start=\"1621\" data-end=\"1665\">Cer\u00e1micas, sanitarios y grifer\u00eda de dise\u00f1o<\/p><\/li><li data-start=\"1666\" data-end=\"1708\"><p data-start=\"1668\" data-end=\"1708\">Materiales actuales, elegantes y duraderos<\/p><\/li><li data-start=\"1709\" data-end=\"1766\"><p data-start=\"1711\" data-end=\"1766\">Propuestas adaptadas a diferentes estilos y presupuestos<\/p><\/li><\/ul><p data-start=\"1768\" data-end=\"1863\">Todo est\u00e1 pensado para que el resultado final sea <strong data-start=\"1815\" data-end=\"1862\">armonioso, funcional y visualmente impactante<\/strong>.<\/p>\t\t\t\t\t\t\t\t<\/div>\n\t\t\t\t<\/div>\n\t\t\t\t<\/div>\n\t\t\t\t\t<\/div>\n\t\t\t\t<\/div>\n\t\t<div class=\"elementor-element elementor-element-ada38cf e-flex e-con-boxed e-con e-parent\" data-id=\"ada38cf\" data-element_type=\"container\" data-e-type=\"container\">\n\t\t\t\t\t<div class=\"e-con-inner\">\n\t\t<div class=\"elementor-element elementor-element-a457f17 e-con-full e-flex e-con e-child\" data-id=\"a457f17\" data-element_type=\"container\" data-e-type=\"container\">\n\t\t<div class=\"elementor-element elementor-element-4c0f528 e-con-full e-flex e-con e-child\" data-id=\"4c0f528\" data-element_type=\"container\" data-e-type=\"container\">\n\t\t\t\t<div class=\"elementor-element elementor-element-4319ef5 elementor-widget elementor-widget-heading\" data-id=\"4319ef5\" data-element_type=\"widget\" data-e-type=\"widget\" data-widget_type=\"heading.default\">\n\t\t\t\t\t<h2 class=\"elementor-heading-title elementor-size-default\">Creatividad, experiencia y visi\u00f3n de conjunto<\/h2>\t\t\t\t<\/div>\n\t\t\t\t<div class=\"elementor-element elementor-element-a4d8455 elementor-widget elementor-widget-text-editor\" data-id=\"a4d8455\" data-element_type=\"widget\" data-e-type=\"widget\" data-widget_type=\"text-editor.default\">\n\t\t\t\t\t\t\t\t\t<p data-start=\"1918\" data-end=\"2094\">Nuestra experiencia en interiorismo nos permite ofrecer una <strong data-start=\"1978\" data-end=\"2005\">visi\u00f3n global del espacio<\/strong>, cuidando cada detalle desde la concepci\u00f3n inicial hasta la definici\u00f3n final del proyecto.<\/p><ul data-start=\"2096\" data-end=\"2215\"><li data-start=\"2096\" data-end=\"2127\"><p data-start=\"2098\" data-end=\"2127\">Dise\u00f1o funcional y est\u00e9tico<\/p><\/li><li data-start=\"2128\" data-end=\"2163\"><p data-start=\"2130\" data-end=\"2163\">Soluciones creativas y realistas<\/p><\/li><li data-start=\"2164\" data-end=\"2215\"><p data-start=\"2166\" data-end=\"2215\">Acompa\u00f1amiento profesional durante todo el proceso<\/p><\/li><\/ul><p data-start=\"2217\" data-end=\"2307\">En Font Espai Creatiu, el dise\u00f1o no es solo una decisi\u00f3n est\u00e9tica, es una <strong data-start=\"2291\" data-end=\"2306\">experiencia<\/strong>.<\/p>\t\t\t\t\t\t\t\t<\/div>\n\t\t\t\t<\/div>\n\t\t\t\t<\/div>\n\t\t<div class=\"elementor-element elementor-element-8fe824d e-con-full e-flex e-con e-child\" data-id=\"8fe824d\" data-element_type=\"container\" data-e-type=\"container\">\n\t\t\t\t<div class=\"elementor-element elementor-element-fd023da elementor-widget elementor-widget-image\" data-id=\"fd023da\" data-element_type=\"widget\" data-e-type=\"widget\" data-widget_type=\"image.default\">\n\t\t\t\t\t\t\t\t\t\t\t\t\t\t\t<img alt=\"\" loading=\"lazy\" decoding=\"async\" width=\"1024\" height=\"683\" src=\"https:\/\/www.construccionsfont.com\/wp-content\/uploads\/2025\/12\/espai-font-4.jpg\" class=\"attachment-large size-large wp-image-1426\" alt=\"\" srcset=\"https:\/\/www.construccionsfont.com\/wp-content\/uploads\/2025\/12\/espai-font-4.jpg 1024w, https:\/\/www.construccionsfont.com\/wp-content\/uploads\/2025\/12\/espai-font-4-300x200.jpg 300w, https:\/\/www.construccionsfont.com\/wp-content\/uploads\/2025\/12\/espai-font-4-768x512.jpg 768w, https:\/\/www.construccionsfont.com\/wp-content\/uploads\/2025\/12\/espai-font-4-18x12.jpg 18w\" sizes=\"(max-width: 1024px) 100vw, 1024px\" \/>\t\t\t\t\t\t\t\t\t\t\t\t\t\t\t<\/div>\n\t\t\t\t<\/div>\n\t\t\t\t\t<\/div>\n\t\t\t\t<\/div>\n\t\t<div class=\"elementor-element elementor-element-4e98069 e-flex e-con-boxed e-con e-parent\" data-id=\"4e98069\" data-element_type=\"container\" data-e-type=\"container\">\n\t\t\t\t\t<div class=\"e-con-inner\">\n\t\t<div class=\"elementor-element elementor-element-618988a e-con-full e-flex e-con e-child\" data-id=\"618988a\" data-element_type=\"container\" data-e-type=\"container\">\n\t\t<div class=\"elementor-element elementor-element-29ddf06 e-con-full e-flex e-con e-child\" data-id=\"29ddf06\" data-element_type=\"container\" data-e-type=\"container\">\n\t\t\t\t<div class=\"elementor-element elementor-element-5c18b82 elementor-widget elementor-widget-heading\" data-id=\"5c18b82\" data-element_type=\"widget\" data-e-type=\"widget\" data-widget_type=\"heading.default\">\n\t\t\t\t\t<h3 class=\"elementor-heading-title elementor-size-default\">Vis\u00edtenos en la Carretera de Vic, 50 Bajos de Manresa<\/h3>\t\t\t\t<\/div>\n\t\t\t\t<\/div>\n\t\t\t\t<\/div>\n\t\t\t\t\t<\/div>\n\t\t\t\t<\/div>\n\t\t<div class=\"elementor-element elementor-element-afaa994 e-flex e-con-boxed e-con e-parent\" data-id=\"afaa994\" data-element_type=\"container\" data-e-type=\"container\">\n\t\t\t\t\t<div class=\"e-con-inner\">\n\t\t\t\t<div class=\"elementor-element elementor-element-291f31b elementor-widget elementor-widget-google_maps\" data-id=\"291f31b\" data-element_type=\"widget\" data-e-type=\"widget\" data-widget_type=\"google_maps.default\">\n\t\t\t\t\t\t\t<div class=\"elementor-custom-embed\">\n\t\t\t<iframe loading=\"lazy\"\n\t\t\t\t\tsrc=\"https:\/\/maps.google.com\/maps?q=Font%20Espai%20Creatiu%2C%20Manresa&#038;t=m&#038;z=16&#038;output=embed&#038;iwloc=near\"\n\t\t\t\t\ttitle=\"Font Espai Creatiu, Manresa\"\n\t\t\t\t\taria-label=\"Font Espai Creatiu, Manresa\"\n\t\t\t><\/iframe>\n\t\t<\/div>\n\t\t\t\t\t\t<\/div>\n\t\t\t\t\t<\/div>\n\t\t\t\t<\/div>\n\t\t\t\t<\/div>\n\t\t","protected":false},"excerpt":{"rendered":"<p>Creamos interiores que cuentan historias Dise\u00f1amos espacios con alma, cuidando cada detalle para que su espacio hable de usted. Font Espai Creatiu es nuestra tienda y showroom ubicado en Manresa Interiorismo personalizado para cada proyecto Cada proyecto es \u00fanico. Por eso, en Font Espai Creatiu trabajamos desde la escucha activa y el acompa\u00f1amiento constante, ayud\u00e1ndole [&hellip;]<\/p>\n","protected":false},"author":1,"featured_media":1405,"parent":0,"menu_order":0,"comment_status":"closed","ping_status":"closed","template":"","meta":{"_acf_changed":false,"_seopress_robots_primary_cat":"","_seopress_titles_title":"Dise\u00f1o e interiorismo en Manresa %%sep%% Font Espai Creatiu","_seopress_titles_desc":"Estudio de dise\u00f1o e interiorismo en Manresa. Creamos espacios con personalidad, cuidando materiales, texturas y detalles. Asesoramiento creativo personalizado.  ","_seopress_robots_index":"","site-sidebar-layout":"no-sidebar","site-content-layout":"","ast-site-content-layout":"full-width-container","site-content-style":"default","site-sidebar-style":"default","ast-global-header-display":"","ast-banner-title-visibility":"","ast-main-header-display":"","ast-hfb-above-header-display":"","ast-hfb-below-header-display":"","ast-hfb-mobile-header-display":"","site-post-title":"disabled","ast-breadcrumbs-content":"","ast-featured-img":"disabled","footer-sml-layout":"","ast-disable-related-posts":"","theme-transparent-header-meta":"default","adv-header-id-meta":"","stick-header-meta":"","header-above-stick-meta":"","header-main-stick-meta":"","header-below-stick-meta":"","astra-migrate-meta-layouts":"default","ast-page-background-enabled":"default","ast-page-background-meta":{"desktop":{"background-color":"var(--ast-global-color-5)","background-image":"","background-repeat":"repeat","background-position":"center center","background-size":"auto","background-attachment":"scroll","background-type":"","background-media":"","overlay-type":"","overlay-color":"","overlay-opacity":"","overlay-gradient":""},"tablet":{"background-color":"","background-image":"","background-repeat":"repeat","background-position":"center center","background-size":"auto","background-attachment":"scroll","background-type":"","background-media":"","overlay-type":"","overlay-color":"","overlay-opacity":"","overlay-gradient":""},"mobile":{"background-color":"","background-image":"","background-repeat":"repeat","background-position":"center center","background-size":"auto","background-attachment":"scroll","background-type":"","background-media":"","overlay-type":"","overlay-color":"","overlay-opacity":"","overlay-gradient":""}},"ast-content-background-meta":{"desktop":{"background-color":"var(--ast-global-color-4)","background-image":"","background-repeat":"repeat","background-position":"center center","background-size":"auto","background-attachment":"scroll","background-type":"","background-media":"","overlay-type":"","overlay-color":"","overlay-opacity":"","overlay-gradient":""},"tablet":{"background-color":"var(--ast-global-color-4)","background-image":"","background-repeat":"repeat","background-position":"center center","background-size":"auto","background-attachment":"scroll","background-type":"","background-media":"","overlay-type":"","overlay-color":"","overlay-opacity":"","overlay-gradient":""},"mobile":{"background-color":"var(--ast-global-color-4)","background-image":"","background-repeat":"repeat","background-position":"center center","background-size":"auto","background-attachment":"scroll","background-type":"","background-media":"","overlay-type":"","overlay-color":"","overlay-opacity":"","overlay-gradient":""}},"footnotes":""},"class_list":["post-1423","page","type-page","status-publish","has-post-thumbnail","hentry"],"acf":[],"_links":{"self":[{"href":"https:\/\/www.construccionsfont.com\/es\/wp-json\/wp\/v2\/pages\/1423","targetHints":{"allow":["GET"]}}],"collection":[{"href":"https:\/\/www.construccionsfont.com\/es\/wp-json\/wp\/v2\/pages"}],"about":[{"href":"https:\/\/www.construccionsfont.com\/es\/wp-json\/wp\/v2\/types\/page"}],"author":[{"embeddable":true,"href":"https:\/\/www.construccionsfont.com\/es\/wp-json\/wp\/v2\/users\/1"}],"replies":[{"embeddable":true,"href":"https:\/\/www.construccionsfont.com\/es\/wp-json\/wp\/v2\/comments?post=1423"}],"version-history":[{"count":0,"href":"https:\/\/www.construccionsfont.com\/es\/wp-json\/wp\/v2\/pages\/1423\/revisions"}],"wp:featuredmedia":[{"embeddable":true,"href":"https:\/\/www.construccionsfont.com\/es\/wp-json\/wp\/v2\/media\/1405"}],"wp:attachment":[{"href":"https:\/\/www.construccionsfont.com\/es\/wp-json\/wp\/v2\/media?parent=1423"}],"curies":[{"name":"wp","href":"https:\/\/api.w.org\/{rel}","templated":true}]}}